{"id":22,"date":"2019-04-12T13:15:28","date_gmt":"2019-04-12T13:15:28","guid":{"rendered":"https:\/\/www.fluentbe.com\/pl\/pressroom\/?page_id=22"},"modified":"2019-05-08T14:10:40","modified_gmt":"2019-05-08T14:10:40","slug":"press-kit","status":"publish","type":"page","link":"https:\/\/www.fluentbe.com\/pl\/pressroom\/press-kit\/","title":{"rendered":"Press Kit"},"content":{"rendered":"\n<h2 class=\"wp-block-heading\">O Fluentbe<\/h2>\n\n\n\n<p>Fluentbe to szko\u0142a j\u0119zykowa online. Pomagamy prze\u0142ama\u0107 barier\u0119 m\u00f3wienia, przygotowa\u0107 si\u0119 do wyjazd\u00f3w zagranicznych, znale\u017a\u0107 lepiej p\u0142atn\u0105 prac\u0105 lub zda\u0107 egzamin j\u0119zykowy. Zaj\u0119cia prowadzone s\u0105 przez profesjonalnych lektor\u00f3w polskich oraz native speaker\u00f3w na wszystkich poziomach zaawansowania \u2013 od pocz\u0105tkuj\u0105cego po bieg\u0142e pos\u0142ugiwanie si\u0119 j\u0119zykiem obcym. Lekcje odbywaj\u0105 si\u0119 online, za pomoc\u0105 video-chata, w niewielkich grupach. Uczniowie i nauczyciel uczestnicz\u0105 w lekcji z domu lub innego dogodnego miejsca na \u015bwiecie.<\/p>\n\n\n\n<h2 class=\"wp-block-heading\">Jak to si\u0119 zacz\u0119\u0142o?<\/h2>\n\n\n\n<p>Pomys\u0142 za\u0142o\u017cenia szko\u0142y j\u0119zykowej online narodzi\u0142 si\u0119 na pocz\u0105tku 2015 roku. Pierwsze kursy wystartowa\u0142y ju\u017c na jesieni tego samego roku.<\/p>\n\n\n\n<h2 class=\"wp-block-heading\">Gdzie mo\u017cna nas spotka\u0107?<\/h2>\n\n\n\n<p>Fluentbe to polska firma, z siedzib\u0105 w Warszawie. Wszystkie zaj\u0119cia j\u0119zykowe odbywaj\u0105 si\u0119 online. Lektorzy pracuj\u0105 ze swoich dom\u00f3w, a studenci \u0142\u0105cz\u0105 si\u0119 na zaj\u0119cia&#8230; sk\u0105d chc\u0105 \ud83d\ude42 Dzi\u0119ki takiemu rozwi\u0105zaniu lokalizacja nie jest istotna, a nauczyciele i uczniowie mog\u0105 komunikowa\u0107 si\u0119 ze sob\u0105 z ka\u017cdego miejsca na \u015bwiecie. Je\u015bli natomiast chcesz spotka\u0107 ekip\u0119 kt\u00f3ra tworzy t\u0119 szko\u0142\u0119, to nasze g\u0142\u00f3wne biuro mie\u015bci si\u0119 przy ul. Zimnej 2 lok. 27 w Warszawie.<br><\/p>\n\n\n\n<h2 class=\"wp-block-heading\">Nasi lektorzy<\/h2>\n\n\n\n<p>Profesjonalna kadra nauczycielska to najwi\u0119ksza warto\u015b\u0107 Fluentbe. Dobieramy j\u0105 starannie. Podczas procesu rekrutacji zwracamy uwag\u0119 nie tylko na wykszta\u0142cenie i do\u015bwiadczenie, ale przede wszystkim na umiej\u0119tno\u015bci nauczania i tzw. iskr\u0119 w oku. Szukamy lektor\u00f3w, kt\u00f3rzy potrafi\u0105 nie tylko porwa\u0107 do nauki, ale zainspirowa\u0107 j\u0119zykiem, a przy tym s\u0105 otwarci na nowe technologie i nowe metody nauczania. <\/p>\n\n\n\n<p>Nasi lektorzy to absolwenci renomowanych uczelni oraz kurs\u00f3w nauczycielskich. Dodatkowo ka\u017cdy lektor przechodzi szkolenie z Metody Fluentbe. Mamy \u015bwiadomo\u015b\u0107, \u017ce musimy nieustannie si\u0119 rozwija\u0107 i doskonali\u0107 swoje umiej\u0119tno\u015bci. Nasi nauczyciele regularnie spotykaj\u0105 si\u0119 online na warsztatach Fluentbe. Obecnie wsp\u00f3\u0142pracujemy z ponad 200 sprawdzonymi lektorami z ca\u0142ego \u015bwiata.<\/p>\n\n\n\n<h2 class=\"wp-block-heading\">Klienci<\/h2>\n\n\n\n<p>Naszymi klientami s\u0105 przede wszystkim osoby doros\u0142e, dla kt\u00f3rych umiej\u0119tno\u015b\u0107 swobodnego m\u00f3wienia jest w j\u0119zyku angielskim najwi\u0119kszym priorytetem. Pochodz\u0105 z ca\u0142ej Polski ale r\u00f3wnie\u017c s\u0105 tacy, kt\u00f3rzy przebywaj\u0105 na sta\u0142e lub czasowo poza granicami Polski. Oszcz\u0119dzaj\u0105 mn\u00f3stwo czasu na dojazdach do szko\u0142y. Ceni\u0105 sobie wygod\u0119 tego rozwi\u0105zania.<\/p>\n\n\n\n<h2 class=\"wp-block-heading\">Us\u0142ugi<\/h2>\n\n\n\n<p>Oferujemy kursy j\u0119zyka angielskiego, na wszystkich poziomach bieg\u0142o\u015bci j\u0119zykowej. Zar\u00f3wno og\u00f3lne jak i specjalistyczne. Wszystkie zaj\u0119cia odbywaj\u0105 si\u0119 na \u017cywo z profesjonalnym lektorem. Uczestnicy widz\u0105 si\u0119 i s\u0142ysz\u0105 w jako\u015bci HD. Zaj\u0119cia odbywaj\u0105 si\u0119 w grupach 4-osobowych lub indywidualnie. Zaj\u0119cia grupowe maj\u0105 ustalony grafik. Natomiast zaj\u0119cia indywidualne umawiane s\u0105 na bie\u017c\u0105co z lektorem. Fluentbe udost\u0119pnia narz\u0119dzie niezb\u0119dne do spotka\u0144 online oraz wszystkie potrzebne materia\u0142y do nauki. Uczniowie otrzymuj\u0105 login i has\u0142o do panelu, w kt\u00f3rym dost\u0119pne s\u0105 materia\u0142y z zaj\u0119\u0107. Sta\u0142y dost\u0119p do platformy umo\u017cliwia kontakt z j\u0119zykiem o dowolnej porze. Jednocze\u015bnie lektor mo\u017ce na bie\u017c\u0105co monitorowa\u0107 post\u0119py w nauce lub przekazywa\u0107 uwagi do prac domowych.<\/p>\n\n\n\n<h2 class=\"wp-block-heading\">Logotyp<\/h2>\n\n\n\n<div class=\"wp-block-file\"><a href=\"https:\/\/www.fluentbe.com\/pl\/pressroom\/wp-content\/uploads\/2019\/05\/logo-full_blue_align-center_white-bg_protection-area_1300x1300.png\">Logo Fluentbe<\/a><a href=\"https:\/\/www.fluentbe.com\/pl\/pressroom\/wp-content\/uploads\/2019\/05\/logo-full_blue_align-center_white-bg_protection-area_1300x1300.png\" class=\"wp-block-file__button\" download>Pobierz<\/a><\/div>\n","protected":false},"excerpt":{"rendered":"<p>O Fluentbe Fluentbe to szko\u0142a j\u0119zykowa online. Pomagamy prze\u0142ama\u0107 barier\u0119 m\u00f3wienia, przygotowa\u0107 si\u0119 do wyjazd\u00f3w zagranicznych, znale\u017a\u0107 lepiej p\u0142atn\u0105 prac\u0105 lub zda\u0107 egzamin j\u0119zykowy. Zaj\u0119cia prowadzone s\u0105 przez profesjonalnych lektor\u00f3w polskich oraz native speaker\u00f3w na wszystkich poziomach zaawansowania \u2013 od pocz\u0105tkuj\u0105cego po bieg\u0142e pos\u0142ugiwanie si\u0119 j\u0119zykiem obcym. Lekcje odbywaj\u0105 si\u0119 online, za pomoc\u0105 video-chata, w<\/p>\n","protected":false},"author":1,"featured_media":0,"parent":0,"menu_order":0,"comment_status":"closed","ping_status":"closed","template":"","meta":{"footnotes":""},"class_list":["post-22","page","type-page","status-publish"],"_links":{"self":[{"href":"https:\/\/www.fluentbe.com\/pl\/pressroom\/wp-json\/wp\/v2\/pages\/22","targetHints":{"allow":["GET"]}}],"collection":[{"href":"https:\/\/www.fluentbe.com\/pl\/pressroom\/wp-json\/wp\/v2\/pages"}],"about":[{"href":"https:\/\/www.fluentbe.com\/pl\/pressroom\/wp-json\/wp\/v2\/types\/page"}],"author":[{"embeddable":true,"href":"https:\/\/www.fluentbe.com\/pl\/pressroom\/wp-json\/wp\/v2\/users\/1"}],"replies":[{"embeddable":true,"href":"https:\/\/www.fluentbe.com\/pl\/pressroom\/wp-json\/wp\/v2\/comments?post=22"}],"version-history":[{"count":5,"href":"https:\/\/www.fluentbe.com\/pl\/pressroom\/wp-json\/wp\/v2\/pages\/22\/revisions"}],"predecessor-version":[{"id":78,"href":"https:\/\/www.fluentbe.com\/pl\/pressroom\/wp-json\/wp\/v2\/pages\/22\/revisions\/78"}],"wp:attachment":[{"href":"https:\/\/www.fluentbe.com\/pl\/pressroom\/wp-json\/wp\/v2\/media?parent=22"}],"curies":[{"name":"wp","href":"https:\/\/api.w.org\/{rel}","templated":true}]}}